{"id":202,"date":"2021-07-03T00:31:12","date_gmt":"2021-07-02T22:31:12","guid":{"rendered":"https:\/\/professionellprotector.com\/?page_id=202"},"modified":"2024-08-08T16:45:20","modified_gmt":"2024-08-08T14:45:20","slug":"datenschutz","status":"publish","type":"page","link":"https:\/\/professionalprotector.com\/de\/datenschutz\/","title":{"rendered":"Datenschutz"},"content":{"rendered":"<h1>Datenschutz<\/h1>\n<p><strong>1. Welche Daten fallen unter die vorliegende Datenschutz-Erkl\u00e4rung?<\/strong><\/p>\n<p>Alle Personenbezogenen Daten fallen unter die vorliegende Datenschutz-Erkl\u00e4rung. Dazu geh\u00f6ren alle Informationen, welche auf Ihre Identit\u00e4t hinweisen, also insbesondere Name, Adresse, Postanschrift, Lieferanschrift, Telefonnummer und Email-Adresse.<\/p>\n<p><strong>2. Wer ist verantwortlich f\u00fcr den sorgsamen Umgang Ihrer Daten?<\/strong><\/p>\n<p>Verantwortliche Stelle f\u00fcr die Datenverarbeitung ist\u00a0THE PROFESSIONAL PROTECTOR, FZCO (Dubai; VAE).<\/p>\n<p><strong>3. Wann nutzt und verarbeitet die THE PROFESSIONAL PROTECTOR personen-bezogene Daten?<\/strong><\/p>\n<p>Wir wissen, dass Ihnen der sorgf\u00e4ltige Umgang mit Ihren personenbezogenen Daten sehr wichtig ist. Der Datenschutz hat deshalb bei der THE PROFESSIONAL PROTECTOR einen hohen Stellenwert. Wir halten uns uneingeschr\u00e4nkt an die strengen Vorschriften des Datenschutzgesetzes.<\/p>\n<p>F\u00fcr die Speicherung, Verarbeitung und Nutzung von Pers\u00f6nlichen Daten und Informationen werden nicht nur die nationalen Datenvorschriften, sondern auch die Bestimmungen der europ\u00e4ischen Datenschutzgrundverordnung beachtet. Grunds\u00e4tzlich k\u00f6nnen Sie die Website der THE PROFESSIONAL PROTECTOR besuchen, ohne personenbezogene Daten zu hinterlassen. In einigen F\u00e4llen ben\u00f6tigen wir jedoch solche Daten von Ihnen, und zwar: Bei der Mitteilung von gesch\u00e4ftsrelevanten Angaben oder Beschwerden bei der Kontaktaufnahme mit uns.<\/p>\n<p>Wir verwenden die personenbezogenen Daten im Einzelnen zur Erledigung der gesch\u00e4ftlichen Beziehungen und um einem Missbrauch unserer Internetseite vorzubeugen. Des Weiteren informieren wir Sie bei ausdr\u00fccklicher Einwilligung Ihrerseits \u00fcber Dienstleistungen und Neuigkeiten der THE PROFESSIONAL PROTECTOR. Um einfacher und schneller als auf dem Postweg mit Ihnen in Kontakt treten zu k\u00f6nnen, bitten wir Sie, uns Ihre Email-Adresse mitzuteilen.<\/p>\n<p><strong>4. Was macht die THE PROFESSIONAL PROTECTOR mit Ihren personenbezogenen Daten?<\/strong><\/p>\n<p>Die personenbezogenen Daten speichern wir zur optimalen Auftragsabwicklung. Sie haben ein Recht auf unentgeltliche Auskunft \u00fcber Ihre gespeicherten Daten sowie gegebenenfalls ein Recht auf Berichtigung, Sperrung oder L\u00f6schung dieser Daten. Bei Fragen zur Erhebung, Verarbeitung und Nutzung Ihrer personenbezogenen Daten wenden Sie sich bitte an: <br \/>E-Mail: office@professionalprotector.com<br \/>Des Weiteren k\u00f6nnen Sie jederzeit Auskunft \u00fcber die Verwendung Ihrer personenbezogenen Daten verlangen.<\/p>\n<p><strong>\u200b5. Wie sch\u00fctzt die THE PROFESSIONAL PROTECTOR Ihre personenbezogenen Daten?<\/strong><\/p>\n<p>Wenn Sie sich bei der THE PROFESSIONAL PROTECTOR registriert haben und mit Passwort anmelden, werden Ihre personenbezogenen Daten an uns \u00fcbermittelt. Damit diese nicht in falsche H\u00e4nde gelangen, verschl\u00fcsseln wir sie mit dem SSL-Verfahren (Secure-Socket-Layer). Dies ist das zurzeit g\u00e4ngigste und sicherste Daten\u00fcbertragungsverfahren im Internet. Es wird von THE PROFESSIONAL PROTECTOR standardm\u00e4ssig eingesetzt, sobald sensible Daten \u00fcbertragen werden. Sie erkennen, dass Daten verschl\u00fcsselt \u00fcbertragen werden, an der geschlossenen Darstellung eines Schloss-Symbols in der unteren Statusleiste Ihres Browsers.<\/p>\n<p>THE PROFESSIONAL PROTECTOR unterh\u00e4lt verschiedenste weitere Sicherheitsmassnahmen zum Schutz der pers\u00f6nlichen Daten ihrer Kunden.<\/p>\n<p><strong>\u200b6. Setzt THE PROFESSIONAL PROTECTOR Cookies ein?<\/strong><\/p>\n<p>Um den Besuch unserer Website attraktiv zu gestalten und die Nutzung bestimmter Funktionen zu erm\u00f6glichen, verwenden wir auf verschiedenen Seiten sogenannte Cookies. Hierbei handelt es sich um kleine Textdateien, die auf Ihrem Endger\u00e4t abgelegt werden. Einige der von uns verwendeten Cookies werden nach dem Ende der Browser-Sitzung, also nach dem Schliessen Ihres Browsers, wieder gel\u00f6scht (sog. Sitzungs-Cookies). Andere Cookies verbleiben auf Ihrem Endger\u00e4t und erm\u00f6glichen uns oder unseren Partnerunternehmen, Ihren Browser beim n\u00e4chsten Besuch wiederzuerkennen (persistente Cookies).<\/p>\n<p>Auch benutzt unsere Website Google Analytics, einen Webanalysedienst der Google Inc. (\u201eGoogle\u201c). Google Analytics verwendet sog. \u201eCookies\u201c, Textdateien, die auf Ihrem Computer gespeichert werden und die eine Analyse der Benutzung der Website durch Sie erm\u00f6glichen. Die durch den Cookie erzeugten Informationen \u00fcber Ihre Benutzung dieser Website werden in der Regel an einen Server von Google in den USA \u00fcbertragen und dort gespeichert. Im Falle der Aktivierung der IP-Anonymisierung auf dieser Webseite, wird Ihre IP-Adresse von Google jedoch innerhalb von Mitgliedstaaten der Europ\u00e4ischen Union oder in anderen Vertragsstaaten des Abkommens \u00fcber den Europ\u00e4ischen Wirtschaftsraum zuvor gek\u00fcrzt. Nur in Ausnahmef\u00e4llen wird die volle IP-Adresse an einen Server von Google in den USA \u00fcbertragen und dort gek\u00fcrzt. Im Auftrag des Betreibers dieser Website wird Google diese Informationen benutzen, um Ihre Nutzung der Website auszuwerten, um Reports \u00fcber die Websiteaktivit\u00e4ten zusammenzustellen und um weitere mit der Websitenutzung und der Internetnutzung verbundene Dienstleistungen gegen\u00fcber dem Websitebetreiber zu erbringen. Die im Rahmen von Google Analytics von Ihrem Browser \u00fcbermittelte IP-Adresse wird nicht mit anderen Daten von Google zusammengef\u00fchrt. Sie k\u00f6nnen Ihren Browser so einstellen, dass Sie \u00fcber das Setzen von Cookies informiert werden und einzeln \u00fcber deren Annahme entscheiden oder die Annahme von Cookies f\u00fcr bestimmte F\u00e4lle oder generell ausschliessen. Bei der Nichtannahme von Cookies kann die Funktionalit\u00e4t unserer Website eingeschr\u00e4nkt sein.<\/p>\n<p>\u200bSie k\u00f6nnen dar\u00fcber hinaus die Erfassung der durch das Cookie erzeugten und auf Ihre Nutzung der Website bezogenen Daten (inkl. Ihrer IP-Adresse) an Google sowie die Verarbeitung dieser Daten durch Google verhindern, indem sie das unter dem folgenden Link verf\u00fcgbare Browser-Plugin herunterladen und installieren: https:\/\/tools.google.com\/dlpage\/gaoptout?hl=de<\/p>\n<p><strong>7. Wie geht die THE PROFESSIONAL PROTECTOR mit anonymisierten Daten um?<\/p>\n<p><\/strong>Mit Ihrem Besuch unserer Webseite k\u00f6nnen ausserdem Informationen \u00fcber den Zugriff (Datum, Uhrzeit, betrachtete Seite) auf unserem Server gespeichert werden. Diese Daten geh\u00f6ren nicht zu den personenbezogenen Daten, sondern sind anonymisiert. Sie werden von uns ausschliesslich zu statistischen Zwecken ausgewertet.<\/p>\n<p><strong>8. Wann werden Ihre Daten gel\u00f6scht?<\/p>\n<p><\/strong>Der Gesetzgeber hat vielf\u00e4ltige Aufbewahrungspflichten und -fristen erlassen. Nach Ablauf der entsprechenden Fristen werden die entsprechenden Daten routinem\u00e4ssig gel\u00f6scht.<\/p>\n<p><strong>9. Fragen an den Datenschutzbeauftragten<\/strong><\/p>\n<p>Wenn Sie Fragen zum Datenschutz haben, schreiben Sie uns bitte eine E-Mail oder wenden Sie sich direkt an die f\u00fcr den Datenschutz verantwortliche Person in unserer Organisation:<\/p>\n<p>Dr. Alexander T. Mohrenschildt<br \/>office@professionalprotector.com<br \/>T: +971 4216 0571<br \/>Dubai, 8.8.2024<\/p>\n","protected":false},"excerpt":{"rendered":"<p>Datenschutz 1. Welche Daten fallen unter die vorliegende Datenschutz-Erkl\u00e4rung? Alle Personenbezogenen Daten fallen unter die vorliegende Datenschutz-Erkl\u00e4rung. Dazu geh\u00f6ren alle Informationen, welche auf Ihre Identit\u00e4t hinweisen, also insbesondere Name, Adresse, Postanschrift, Lieferanschrift, Telefonnummer und Email-Adresse. 2. Wer ist verantwortlich f\u00fcr den sorgsamen Umgang Ihrer Daten? Verantwortliche Stelle f\u00fcr die Datenverarbeitung ist\u00a0THE PROFESSIONAL PROTECTOR, FZCO (Dubai; [&hellip;]<\/p>\n","protected":false},"author":1,"featured_media":0,"parent":0,"menu_order":0,"comment_status":"closed","ping_status":"closed","template":"elementor_header_footer","meta":{"footnotes":""},"class_list":["post-202","page","type-page","status-publish","hentry"],"_links":{"self":[{"href":"https:\/\/professionalprotector.com\/de\/wp-json\/wp\/v2\/pages\/202","targetHints":{"allow":["GET"]}}],"collection":[{"href":"https:\/\/professionalprotector.com\/de\/wp-json\/wp\/v2\/pages"}],"about":[{"href":"https:\/\/professionalprotector.com\/de\/wp-json\/wp\/v2\/types\/page"}],"author":[{"embeddable":true,"href":"https:\/\/professionalprotector.com\/de\/wp-json\/wp\/v2\/users\/1"}],"replies":[{"embeddable":true,"href":"https:\/\/professionalprotector.com\/de\/wp-json\/wp\/v2\/comments?post=202"}],"version-history":[{"count":49,"href":"https:\/\/professionalprotector.com\/de\/wp-json\/wp\/v2\/pages\/202\/revisions"}],"predecessor-version":[{"id":1246,"href":"https:\/\/professionalprotector.com\/de\/wp-json\/wp\/v2\/pages\/202\/revisions\/1246"}],"wp:attachment":[{"href":"https:\/\/professionalprotector.com\/de\/wp-json\/wp\/v2\/media?parent=202"}],"curies":[{"name":"wp","href":"https:\/\/api.w.org\/{rel}","templated":true}]}}