{"id":170,"date":"2021-07-03T00:13:46","date_gmt":"2021-07-02T22:13:46","guid":{"rendered":"https:\/\/professionellprotector.com\/?page_id=170"},"modified":"2024-12-04T10:22:13","modified_gmt":"2024-12-04T09:22:13","slug":"ueber-uns","status":"publish","type":"page","link":"https:\/\/professionalprotector.com\/de\/ueber-uns\/","title":{"rendered":"\u00dcber uns"},"content":{"rendered":"\t\t<div data-elementor-type=\"wp-page\" data-elementor-id=\"170\" class=\"elementor elementor-170\" data-elementor-post-type=\"page\">\n\t\t\t\t\t\t<section class=\"elementor-section elementor-top-section elementor-element elementor-element-f451f17 elementor-section-full_width elementor-section-stretched elementor-section-height-default elementor-section-height-default\" data-id=\"f451f17\" data-element_type=\"section\" data-e-type=\"section\" data-settings=\"{&quot;stretch_section&quot;:&quot;section-stretched&quot;}\">\n\t\t\t\t\t\t<div class=\"elementor-container elementor-column-gap-default\">\n\t\t\t\t\t<div class=\"elementor-column elementor-col-100 elementor-top-column elementor-element elementor-element-8800a5b\" data-id=\"8800a5b\" data-element_type=\"column\" data-e-type=\"column\">\n\t\t\t<div class=\"elementor-widget-wrap elementor-element-populated\">\n\t\t\t\t\t\t<div class=\"elementor-element elementor-element-72647c1 elementor--h-position-center elementor--v-position-middle elementor-pagination-position-inside elementor-widget elementor-widget-slides\" data-id=\"72647c1\" data-element_type=\"widget\" data-e-type=\"widget\" data-settings=\"{&quot;transition&quot;:&quot;fade&quot;,&quot;transition_speed&quot;:5000,&quot;navigation&quot;:&quot;dots&quot;,&quot;autoplay_speed&quot;:3000,&quot;autoplay&quot;:&quot;yes&quot;,&quot;pause_on_hover&quot;:&quot;yes&quot;,&quot;pause_on_interaction&quot;:&quot;yes&quot;,&quot;infinite&quot;:&quot;yes&quot;}\" data-widget_type=\"slides.default\">\n\t\t\t\t<div class=\"elementor-widget-container\">\n\t\t\t\t\t\t\t\t\t<div class=\"elementor-swiper\">\n\t\t\t\t\t<div class=\"elementor-slides-wrapper elementor-main-swiper swiper\" role=\"region\" aria-roledescription=\"carousel\" aria-label=\"Slider\" dir=\"ltr\" data-animation=\"fadeInUp\">\n\t\t\t\t<div class=\"swiper-wrapper elementor-slides\">\n\t\t\t\t\t\t\t\t\t\t<div class=\"elementor-repeater-item-c8ebce6 swiper-slide\" role=\"group\" aria-roledescription=\"slide\"><div class=\"swiper-slide-bg\" role=\"img\" aria-label=\"The image is a photograph of a modern staircase with a curved design. The staircase is made of white concrete and has a minimalist aesthetic.\"><\/div><div class=\"swiper-slide-inner\" ><div class=\"swiper-slide-contents\"><\/div><\/div><\/div><div class=\"elementor-repeater-item-9534a04 swiper-slide\" role=\"group\" aria-roledescription=\"slide\"><div class=\"swiper-slide-bg\" role=\"img\" aria-label=\"Cityscpae of Dubai Downtown skyline on a foggy winter day. Dubai, UAE.\"><\/div><div class=\"swiper-slide-inner\" ><div class=\"swiper-slide-contents\"><\/div><\/div><\/div><div class=\"elementor-repeater-item-e388a64 swiper-slide\" role=\"group\" aria-roledescription=\"slide\"><div class=\"swiper-slide-bg\" role=\"img\" aria-label=\"Side low angle shot of Sheikh Zayed Grand Mosque, Abu Dhabi, Uni\"><\/div><div class=\"swiper-slide-inner\" ><div class=\"swiper-slide-contents\"><\/div><\/div><\/div>\t\t\t\t<\/div>\n\t\t\t\t\t\t\t\t\t\t\t\t\t\t\t\t\t\t\t\t<div class=\"swiper-pagination\"><\/div>\n\t\t\t\t\t\t\t\t\t\t\t\t<\/div>\n\t\t\t\t<\/div>\n\t\t\t\t\t\t\t\t<\/div>\n\t\t\t\t<\/div>\n\t\t\t\t<section class=\"elementor-section elementor-inner-section elementor-element elementor-element-0c2d1e8 elementor-section-full_width elementor-section-height-default elementor-section-height-default\" data-id=\"0c2d1e8\" data-element_type=\"section\" data-e-type=\"section\" data-settings=\"{&quot;background_background&quot;:&quot;classic&quot;}\">\n\t\t\t\t\t\t<div class=\"elementor-container elementor-column-gap-default\">\n\t\t\t\t\t<div class=\"elementor-column elementor-col-100 elementor-inner-column elementor-element elementor-element-fa28d15\" data-id=\"fa28d15\" data-element_type=\"column\" data-e-type=\"column\">\n\t\t\t<div class=\"elementor-widget-wrap elementor-element-populated\">\n\t\t\t\t\t\t<div class=\"elementor-element elementor-element-3d73fdb0 elementor-widget elementor-widget-heading\" data-id=\"3d73fdb0\" data-element_type=\"widget\" data-e-type=\"widget\" data-widget_type=\"heading.default\">\n\t\t\t\t<div class=\"elementor-widget-container\">\n\t\t\t\t\t<h1 class=\"elementor-heading-title elementor-size-default\">\u00dcber uns<\/h1>\t\t\t\t<\/div>\n\t\t\t\t<\/div>\n\t\t\t\t\t<\/div>\n\t\t<\/div>\n\t\t\t\t\t<\/div>\n\t\t<\/section>\n\t\t\t\t\t<\/div>\n\t\t<\/div>\n\t\t\t\t\t<\/div>\n\t\t<\/section>\n\t\t\t\t<section class=\"elementor-section elementor-top-section elementor-element elementor-element-7bfb5f38 elementor-section-boxed elementor-section-height-default elementor-section-height-default\" data-id=\"7bfb5f38\" data-element_type=\"section\" data-e-type=\"section\">\n\t\t\t\t\t\t<div class=\"elementor-container elementor-column-gap-default\">\n\t\t\t\t\t<div class=\"elementor-column elementor-col-100 elementor-top-column elementor-element elementor-element-3cc95b3c\" data-id=\"3cc95b3c\" data-element_type=\"column\" data-e-type=\"column\">\n\t\t\t<div class=\"elementor-widget-wrap elementor-element-populated\">\n\t\t\t\t\t\t<section class=\"elementor-section elementor-inner-section elementor-element elementor-element-24125b1f no-flex-wrap elementor-section-boxed elementor-section-height-default elementor-section-height-default\" data-id=\"24125b1f\" data-element_type=\"section\" data-e-type=\"section\">\n\t\t\t\t\t\t<div class=\"elementor-container elementor-column-gap-default\">\n\t\t\t\t\t<div class=\"elementor-column elementor-col-50 elementor-inner-column elementor-element elementor-element-1f4f4b27 animated-column animated-slow elementor-invisible\" data-id=\"1f4f4b27\" data-element_type=\"column\" data-e-type=\"column\" data-settings=\"{&quot;background_background&quot;:&quot;classic&quot;,&quot;animation&quot;:&quot;slideInDown&quot;}\">\n\t\t\t<div class=\"elementor-widget-wrap\">\n\t\t\t\t\t\t\t<\/div>\n\t\t<\/div>\n\t\t\t\t<div class=\"elementor-column elementor-col-50 elementor-inner-column elementor-element elementor-element-14b5a61\" data-id=\"14b5a61\" data-element_type=\"column\" data-e-type=\"column\">\n\t\t\t<div class=\"elementor-widget-wrap elementor-element-populated\">\n\t\t\t\t\t\t<div class=\"elementor-element elementor-element-44d5ec27 elementor-widget elementor-widget-heading\" data-id=\"44d5ec27\" data-element_type=\"widget\" data-e-type=\"widget\" data-widget_type=\"heading.default\">\n\t\t\t\t<div class=\"elementor-widget-container\">\n\t\t\t\t\t<h2 class=\"elementor-heading-title elementor-size-default\">Dr. Mohrenschildt<\/h2>\t\t\t\t<\/div>\n\t\t\t\t<\/div>\n\t\t\t\t<div class=\"elementor-element elementor-element-17abfb56 no-margin-bottom elementor-widget elementor-widget-text-editor\" data-id=\"17abfb56\" data-element_type=\"widget\" data-e-type=\"widget\" data-widget_type=\"text-editor.default\">\n\t\t\t\t<div class=\"elementor-widget-container\">\n\t\t\t\t\t\t\t\t\t<p>Ich verf\u00fcge \u00fcber mehr als 25 Jahre Erfahrung in der Beratung gehobener Privatkunden und deren Betreuer bei Privatbanken, Verm\u00f6gensverwaltungen, Treuh\u00e4ndern, Steuerberatern und Rechtsanw\u00e4lten.<\/p><p>Meine berufliche Laufbahn begann in der Allianz Gruppe in Wien und London. Das Studium der Rechtswissenschaften vertiefte ich am Institut f\u00fcr Zivilrecht der Universit\u00e4t Wien und promovierte mit Auszeichnung.<\/p><p>Bereits 1997 wurde mir die Verantwortung der Produktentwicklung und der Vertrieb bei der f\u00fchrenden Lebensversicherungsgesellschaft in Liechtenstein \u00fcbertragen. Dabei lag der Fokus auf der Optimierung der Kundensituation durch die Verkn\u00fcpfung von Produktentwicklung und L\u00f6sungsstrukturierung. Die tiefgreifenden und erfolgreichen Erfahrungen in der Finanzbranche motivierten mich sp\u00e4ter eigene Beratungsmodelle zu entwickeln und mich auf den Bereich Private Equity und die Beratung von Family Offices zu spezialisieren.<\/p><p>The Professional Protector ist der logische Schluss aus meiner Expertise und die inhaltlich konsequente Gr\u00fcndung einer sehr exklusiven und pers\u00f6nlichen Beratung, um ein Maximum an vertraulicher sowie nachhaltiger Betreuung meiner Mandanten zu gew\u00e4hrleisten.<\/p>\t\t\t\t\t\t\t\t<\/div>\n\t\t\t\t<\/div>\n\t\t\t\t\t<\/div>\n\t\t<\/div>\n\t\t\t\t\t<\/div>\n\t\t<\/section>\n\t\t\t\t\t<\/div>\n\t\t<\/div>\n\t\t\t\t\t<\/div>\n\t\t<\/section>\n\t\t\t\t<section class=\"elementor-section elementor-top-section elementor-element elementor-element-35384ba elementor-section-boxed elementor-section-height-default elementor-section-height-default\" data-id=\"35384ba\" data-element_type=\"section\" data-e-type=\"section\">\n\t\t\t\t\t\t<div class=\"elementor-container elementor-column-gap-default\">\n\t\t\t\t\t<div class=\"elementor-column elementor-col-100 elementor-top-column elementor-element elementor-element-f18ef0a\" data-id=\"f18ef0a\" data-element_type=\"column\" data-e-type=\"column\">\n\t\t\t<div class=\"elementor-widget-wrap elementor-element-populated\">\n\t\t\t\t\t\t<div class=\"elementor-element elementor-element-2eac275 elementor-widget elementor-widget-image\" data-id=\"2eac275\" data-element_type=\"widget\" data-e-type=\"widget\" data-widget_type=\"image.default\">\n\t\t\t\t<div class=\"elementor-widget-container\">\n\t\t\t\t\t\t\t\t\t\t\t\t\t\t\t<img fetchpriority=\"high\" decoding=\"async\" width=\"980\" height=\"1010\" src=\"https:\/\/professionalprotector.com\/wp-content\/uploads\/2021\/08\/tpp-dr-mohrenschildt.jpg\" class=\"attachment-full size-full wp-image-1103\" alt=\"\" srcset=\"https:\/\/professionalprotector.com\/wp-content\/uploads\/2021\/08\/tpp-dr-mohrenschildt.jpg 980w, https:\/\/professionalprotector.com\/wp-content\/uploads\/2021\/08\/tpp-dr-mohrenschildt-291x300.jpg 291w, https:\/\/professionalprotector.com\/wp-content\/uploads\/2021\/08\/tpp-dr-mohrenschildt-768x792.jpg 768w\" sizes=\"(max-width: 980px) 100vw, 980px\" \/>\t\t\t\t\t\t\t\t\t\t\t\t\t\t\t<\/div>\n\t\t\t\t<\/div>\n\t\t\t\t\t<\/div>\n\t\t<\/div>\n\t\t\t\t\t<\/div>\n\t\t<\/section>\n\t\t\t\t<section class=\"elementor-section elementor-top-section elementor-element elementor-element-5c3ef93 elementor-section-boxed elementor-section-height-default elementor-section-height-default\" data-id=\"5c3ef93\" data-element_type=\"section\" data-e-type=\"section\" data-settings=\"{&quot;background_background&quot;:&quot;classic&quot;}\">\n\t\t\t\t\t\t<div class=\"elementor-container elementor-column-gap-default\">\n\t\t\t\t\t<div class=\"elementor-column elementor-col-100 elementor-top-column elementor-element elementor-element-9b7a9fe\" data-id=\"9b7a9fe\" data-element_type=\"column\" data-e-type=\"column\">\n\t\t\t<div class=\"elementor-widget-wrap elementor-element-populated\">\n\t\t\t\t\t\t<div class=\"elementor-element elementor-element-dee6c5d elementor-widget elementor-widget-spacer\" data-id=\"dee6c5d\" data-element_type=\"widget\" data-e-type=\"widget\" data-widget_type=\"spacer.default\">\n\t\t\t\t<div class=\"elementor-widget-container\">\n\t\t\t\t\t\t\t<div class=\"elementor-spacer\">\n\t\t\t<div class=\"elementor-spacer-inner\"><\/div>\n\t\t<\/div>\n\t\t\t\t\t\t<\/div>\n\t\t\t\t<\/div>\n\t\t\t\t\t<\/div>\n\t\t<\/div>\n\t\t\t\t\t<\/div>\n\t\t<\/section>\n\t\t\t\t<section class=\"elementor-section elementor-top-section elementor-element elementor-element-51a638b4 elementor-section-boxed elementor-section-height-default elementor-section-height-default\" data-id=\"51a638b4\" data-element_type=\"section\" data-e-type=\"section\" data-settings=\"{&quot;background_background&quot;:&quot;classic&quot;}\">\n\t\t\t\t\t\t<div class=\"elementor-container elementor-column-gap-default\">\n\t\t\t\t\t<div class=\"elementor-column elementor-col-100 elementor-top-column elementor-element elementor-element-5bc4e8db\" data-id=\"5bc4e8db\" data-element_type=\"column\" data-e-type=\"column\">\n\t\t\t<div class=\"elementor-widget-wrap elementor-element-populated\">\n\t\t\t\t\t\t<section class=\"elementor-section elementor-inner-section elementor-element elementor-element-39f8ef84 no-flex-wrap elementor-section-boxed elementor-section-height-default elementor-section-height-default\" data-id=\"39f8ef84\" data-element_type=\"section\" data-e-type=\"section\">\n\t\t\t\t\t\t<div class=\"elementor-container elementor-column-gap-default\">\n\t\t\t\t\t<div class=\"elementor-column elementor-col-50 elementor-inner-column elementor-element elementor-element-44cdc662\" data-id=\"44cdc662\" data-element_type=\"column\" data-e-type=\"column\">\n\t\t\t<div class=\"elementor-widget-wrap elementor-element-populated\">\n\t\t\t\t\t\t<div class=\"elementor-element elementor-element-4e13e356 elementor-widget elementor-widget-heading\" data-id=\"4e13e356\" data-element_type=\"widget\" data-e-type=\"widget\" data-widget_type=\"heading.default\">\n\t\t\t\t<div class=\"elementor-widget-container\">\n\t\t\t\t\t<h2 class=\"elementor-heading-title elementor-size-default\">Referenzen<\/h2>\t\t\t\t<\/div>\n\t\t\t\t<\/div>\n\t\t\t\t<div class=\"elementor-element elementor-element-4f457513 no-margin-bottom elementor-widget elementor-widget-text-editor\" data-id=\"4f457513\" data-element_type=\"widget\" data-e-type=\"widget\" data-widget_type=\"text-editor.default\">\n\t\t\t\t<div class=\"elementor-widget-container\">\n\t\t\t\t\t\t\t\t\t<p>Zuletzt agierte Dr. Alexander Mohrenschildt als CEO f\u00fcr ein weiteres Unternehmen der wachsenden Versicherungsindustrie in Liechtenstein. Er ist regelm\u00e4\u00dfig Referent bei internationalen Konferenzen und am ICQM (Institute for Compliance and Quality Management), das er im Jahr 2000 mitbegr\u00fcndete. Dr. Alexander Mohrenschildt ist Gr\u00fcnder und Vorstand des Instituts f\u00fcr Verm\u00f6gensstrukturierung e.V. in Berlin, welches sich mit der Strukturierung von gro\u00dfen Verm\u00f6gen an der Schnittstelle zwischen Zivil-, Steuer- und Aufsichtsrecht unter Ber\u00fccksichtigung wirtschaftlicher Aspekte befasst.<\/p>\t\t\t\t\t\t\t\t<\/div>\n\t\t\t\t<\/div>\n\t\t\t\t\t<\/div>\n\t\t<\/div>\n\t\t\t\t<div class=\"elementor-column elementor-col-50 elementor-inner-column elementor-element elementor-element-523a74 animated-column animated-slow elementor-invisible\" data-id=\"523a74\" data-element_type=\"column\" data-e-type=\"column\" data-settings=\"{&quot;background_background&quot;:&quot;classic&quot;,&quot;animation&quot;:&quot;slideInDown&quot;}\">\n\t\t\t<div class=\"elementor-widget-wrap\">\n\t\t\t\t\t\t\t<\/div>\n\t\t<\/div>\n\t\t\t\t\t<\/div>\n\t\t<\/section>\n\t\t\t\t\t<\/div>\n\t\t<\/div>\n\t\t\t\t\t<\/div>\n\t\t<\/section>\n\t\t\t\t<section class=\"elementor-section elementor-top-section elementor-element elementor-element-1e1936a elementor-section-boxed elementor-section-height-default elementor-section-height-default\" data-id=\"1e1936a\" data-element_type=\"section\" data-e-type=\"section\">\n\t\t\t\t\t\t<div class=\"elementor-container elementor-column-gap-default\">\n\t\t\t\t\t<div class=\"elementor-column elementor-col-100 elementor-top-column elementor-element elementor-element-c3ab7b0\" data-id=\"c3ab7b0\" data-element_type=\"column\" data-e-type=\"column\">\n\t\t\t<div class=\"elementor-widget-wrap elementor-element-populated\">\n\t\t\t\t\t\t<div class=\"elementor-element elementor-element-45492f3 elementor-widget elementor-widget-image\" data-id=\"45492f3\" data-element_type=\"widget\" data-e-type=\"widget\" data-widget_type=\"image.default\">\n\t\t\t\t<div class=\"elementor-widget-container\">\n\t\t\t\t\t\t\t\t\t\t\t\t\t\t\t<img decoding=\"async\" width=\"2560\" height=\"2484\" src=\"https:\/\/professionalprotector.com\/wp-content\/uploads\/2024\/12\/Ueber_uns_Office_grey-scaled.jpg\" class=\"attachment-full size-full wp-image-1292\" alt=\"\" srcset=\"https:\/\/professionalprotector.com\/wp-content\/uploads\/2024\/12\/Ueber_uns_Office_grey-scaled.jpg 2560w, https:\/\/professionalprotector.com\/wp-content\/uploads\/2024\/12\/Ueber_uns_Office_grey-300x291.jpg 300w, https:\/\/professionalprotector.com\/wp-content\/uploads\/2024\/12\/Ueber_uns_Office_grey-1024x994.jpg 1024w, https:\/\/professionalprotector.com\/wp-content\/uploads\/2024\/12\/Ueber_uns_Office_grey-768x745.jpg 768w, https:\/\/professionalprotector.com\/wp-content\/uploads\/2024\/12\/Ueber_uns_Office_grey-1536x1491.jpg 1536w, https:\/\/professionalprotector.com\/wp-content\/uploads\/2024\/12\/Ueber_uns_Office_grey-2048x1988.jpg 2048w\" sizes=\"(max-width: 2560px) 100vw, 2560px\" \/>\t\t\t\t\t\t\t\t\t\t\t\t\t\t\t<\/div>\n\t\t\t\t<\/div>\n\t\t\t\t\t<\/div>\n\t\t<\/div>\n\t\t\t\t\t<\/div>\n\t\t<\/section>\n\t\t\t\t<\/div>\n\t\t","protected":false},"excerpt":{"rendered":"<p>\u00dcber uns Dr. Mohrenschildt Ich verf\u00fcge \u00fcber mehr als 25 Jahre Erfahrung in der Beratung gehobener Privatkunden und deren Betreuer bei Privatbanken, Verm\u00f6gensverwaltungen, Treuh\u00e4ndern, Steuerberatern und Rechtsanw\u00e4lten. Meine berufliche Laufbahn begann in der Allianz Gruppe in Wien und London. Das Studium der Rechtswissenschaften vertiefte ich am Institut f\u00fcr Zivilrecht der Universit\u00e4t Wien und promovierte mit [&hellip;]<\/p>\n","protected":false},"author":1,"featured_media":0,"parent":0,"menu_order":0,"comment_status":"closed","ping_status":"closed","template":"","meta":{"footnotes":""},"class_list":["post-170","page","type-page","status-publish","hentry"],"_links":{"self":[{"href":"https:\/\/professionalprotector.com\/de\/wp-json\/wp\/v2\/pages\/170","targetHints":{"allow":["GET"]}}],"collection":[{"href":"https:\/\/professionalprotector.com\/de\/wp-json\/wp\/v2\/pages"}],"about":[{"href":"https:\/\/professionalprotector.com\/de\/wp-json\/wp\/v2\/types\/page"}],"author":[{"embeddable":true,"href":"https:\/\/professionalprotector.com\/de\/wp-json\/wp\/v2\/users\/1"}],"replies":[{"embeddable":true,"href":"https:\/\/professionalprotector.com\/de\/wp-json\/wp\/v2\/comments?post=170"}],"version-history":[{"count":109,"href":"https:\/\/professionalprotector.com\/de\/wp-json\/wp\/v2\/pages\/170\/revisions"}],"predecessor-version":[{"id":1303,"href":"https:\/\/professionalprotector.com\/de\/wp-json\/wp\/v2\/pages\/170\/revisions\/1303"}],"wp:attachment":[{"href":"https:\/\/professionalprotector.com\/de\/wp-json\/wp\/v2\/media?parent=170"}],"curies":[{"name":"wp","href":"https:\/\/api.w.org\/{rel}","templated":true}]}}