{"id":139,"date":"2021-07-02T23:48:18","date_gmt":"2021-07-02T21:48:18","guid":{"rendered":"https:\/\/professionellprotector.com\/?page_id=139"},"modified":"2024-11-21T15:53:11","modified_gmt":"2024-11-21T14:53:11","slug":"impressum","status":"publish","type":"page","link":"https:\/\/professionalprotector.com\/de\/impressum\/","title":{"rendered":"Impressum"},"content":{"rendered":"\t\t<div data-elementor-type=\"wp-page\" data-elementor-id=\"139\" class=\"elementor elementor-139\" data-elementor-post-type=\"page\">\n\t\t\t\t\t\t<section class=\"elementor-section elementor-top-section elementor-element elementor-element-5e7d1d7d margin-top-if-header elementor-section-boxed elementor-section-height-default elementor-section-height-default\" data-id=\"5e7d1d7d\" data-element_type=\"section\" data-e-type=\"section\">\n\t\t\t\t\t\t<div class=\"elementor-container elementor-column-gap-default\">\n\t\t\t\t\t<div class=\"elementor-column elementor-col-100 elementor-top-column elementor-element elementor-element-7ab0c65d\" data-id=\"7ab0c65d\" data-element_type=\"column\" data-e-type=\"column\">\n\t\t\t<div class=\"elementor-widget-wrap elementor-element-populated\">\n\t\t\t\t\t\t<section class=\"elementor-section elementor-inner-section elementor-element elementor-element-694f3500 no-flex-wrap elementor-section-boxed elementor-section-height-default elementor-section-height-default\" data-id=\"694f3500\" data-element_type=\"section\" data-e-type=\"section\" data-settings=\"{&quot;background_background&quot;:&quot;classic&quot;}\">\n\t\t\t\t\t\t<div class=\"elementor-container elementor-column-gap-default\">\n\t\t\t\t\t<div class=\"elementor-column elementor-col-50 elementor-inner-column elementor-element elementor-element-4bdb9c96 animated-column animated-slow elementor-invisible\" data-id=\"4bdb9c96\" data-element_type=\"column\" data-e-type=\"column\" data-settings=\"{&quot;background_background&quot;:&quot;classic&quot;,&quot;animation&quot;:&quot;slideInDown&quot;}\">\n\t\t\t<div class=\"elementor-widget-wrap\">\n\t\t\t\t\t\t\t<\/div>\n\t\t<\/div>\n\t\t\t\t<div class=\"elementor-column elementor-col-50 elementor-inner-column elementor-element elementor-element-2fd6c259\" data-id=\"2fd6c259\" data-element_type=\"column\" data-e-type=\"column\">\n\t\t\t<div class=\"elementor-widget-wrap elementor-element-populated\">\n\t\t\t\t\t\t<div class=\"elementor-element elementor-element-1a9feed2 elementor-widget elementor-widget-heading\" data-id=\"1a9feed2\" data-element_type=\"widget\" data-e-type=\"widget\" data-widget_type=\"heading.default\">\n\t\t\t\t<div class=\"elementor-widget-container\">\n\t\t\t\t\t<h1 class=\"elementor-heading-title elementor-size-default\">Impressum<\/h1>\t\t\t\t<\/div>\n\t\t\t\t<\/div>\n\t\t\t\t<div class=\"elementor-element elementor-element-5a33b4dc no-margin-bottom elementor-widget elementor-widget-text-editor\" data-id=\"5a33b4dc\" data-element_type=\"widget\" data-e-type=\"widget\" data-widget_type=\"text-editor.default\">\n\t\t\t\t<div class=\"elementor-widget-container\">\n\t\t\t\t\t\t\t\t\t<p>The Professional Protector FZCO<\/p><p>IFZA Business Park<\/p><p>Building A2, Dubai Silicon Oasis<\/p><p>Dubai, UAE<\/p><p>F\u00fcr den Inhalt verantwortlich<br \/>Dr. Alexander T. Mohrenschildt, LL.M.<br \/>office@professionalprotector.com<br \/>T: +971 58 548 93 66<\/p><p>Gerichtsstand: Dubai, Vereinigte Arabische Emirate<\/p>\t\t\t\t\t\t\t\t<\/div>\n\t\t\t\t<\/div>\n\t\t\t\t\t<\/div>\n\t\t<\/div>\n\t\t\t\t\t<\/div>\n\t\t<\/section>\n\t\t\t\t<section class=\"elementor-section elementor-inner-section elementor-element elementor-element-1dfaa484 no-flex-wrap elementor-section-boxed elementor-section-height-default elementor-section-height-default\" data-id=\"1dfaa484\" data-element_type=\"section\" data-e-type=\"section\" data-settings=\"{&quot;background_background&quot;:&quot;classic&quot;}\">\n\t\t\t\t\t\t<div class=\"elementor-container elementor-column-gap-default\">\n\t\t\t\t\t<div class=\"elementor-column elementor-col-50 elementor-inner-column elementor-element elementor-element-1d23aa7b\" data-id=\"1d23aa7b\" data-element_type=\"column\" data-e-type=\"column\">\n\t\t\t<div class=\"elementor-widget-wrap elementor-element-populated\">\n\t\t\t\t\t\t<div class=\"elementor-element elementor-element-7cecd6c0 elementor-widget elementor-widget-heading\" data-id=\"7cecd6c0\" data-element_type=\"widget\" data-e-type=\"widget\" data-widget_type=\"heading.default\">\n\t\t\t\t<div class=\"elementor-widget-container\">\n\t\t\t\t\t<h2 class=\"elementor-heading-title elementor-size-default\">Haftung fuer Inhalte<\/h2>\t\t\t\t<\/div>\n\t\t\t\t<\/div>\n\t\t\t\t<div class=\"elementor-element elementor-element-3dfd2d71 no-margin-bottom elementor-widget elementor-widget-text-editor\" data-id=\"3dfd2d71\" data-element_type=\"widget\" data-e-type=\"widget\" data-widget_type=\"text-editor.default\">\n\t\t\t\t<div class=\"elementor-widget-container\">\n\t\t\t\t\t\t\t\t\t<p>Die Inhalte dieser Seiten werden mit gr\u00f6sster Sorgfalt erstellt. F\u00fcr Richtigkeit, Vollst\u00e4ndigkeit und Aktualit\u00e4t dieser Inhalte kann jedoch keine Haftung \u00fcbernommen werden.<\/p>\t\t\t\t\t\t\t\t<\/div>\n\t\t\t\t<\/div>\n\t\t\t\t\t<\/div>\n\t\t<\/div>\n\t\t\t\t<div class=\"elementor-column elementor-col-50 elementor-inner-column elementor-element elementor-element-7d909599 animated-column animated-slow elementor-invisible\" data-id=\"7d909599\" data-element_type=\"column\" data-e-type=\"column\" data-settings=\"{&quot;background_background&quot;:&quot;classic&quot;,&quot;animation&quot;:&quot;slideInDown&quot;}\">\n\t\t\t<div class=\"elementor-widget-wrap\">\n\t\t\t\t\t\t\t<\/div>\n\t\t<\/div>\n\t\t\t\t\t<\/div>\n\t\t<\/section>\n\t\t\t\t<section class=\"elementor-section elementor-inner-section elementor-element elementor-element-9ded689 no-flex-wrap elementor-section-boxed elementor-section-height-default elementor-section-height-default\" data-id=\"9ded689\" data-element_type=\"section\" data-e-type=\"section\" data-settings=\"{&quot;background_background&quot;:&quot;classic&quot;}\">\n\t\t\t\t\t\t<div class=\"elementor-container elementor-column-gap-default\">\n\t\t\t\t\t<div class=\"elementor-column elementor-col-50 elementor-inner-column elementor-element elementor-element-5bb4538 animated-column animated-slow elementor-invisible\" data-id=\"5bb4538\" data-element_type=\"column\" data-e-type=\"column\" data-settings=\"{&quot;background_background&quot;:&quot;classic&quot;,&quot;animation&quot;:&quot;slideInDown&quot;}\">\n\t\t\t<div class=\"elementor-widget-wrap\">\n\t\t\t\t\t\t\t<\/div>\n\t\t<\/div>\n\t\t\t\t<div class=\"elementor-column elementor-col-50 elementor-inner-column elementor-element elementor-element-1f1e011\" data-id=\"1f1e011\" data-element_type=\"column\" data-e-type=\"column\">\n\t\t\t<div class=\"elementor-widget-wrap elementor-element-populated\">\n\t\t\t\t\t\t<div class=\"elementor-element elementor-element-8524b8a elementor-widget elementor-widget-heading\" data-id=\"8524b8a\" data-element_type=\"widget\" data-e-type=\"widget\" data-widget_type=\"heading.default\">\n\t\t\t\t<div class=\"elementor-widget-container\">\n\t\t\t\t\t<h2 class=\"elementor-heading-title elementor-size-default\">Disclaimer<\/h2>\t\t\t\t<\/div>\n\t\t\t\t<\/div>\n\t\t\t\t<div class=\"elementor-element elementor-element-d4424a9 no-margin-bottom elementor-widget elementor-widget-text-editor\" data-id=\"d4424a9\" data-element_type=\"widget\" data-e-type=\"widget\" data-widget_type=\"text-editor.default\">\n\t\t\t\t<div class=\"elementor-widget-container\">\n\t\t\t\t\t\t\t\t\t<p>THE PROFESSIONAL PROTECTOR leistet keine Steuer- oder Rechtsberatung. Die abschliessende Beurteilung des Einzelfalles bleibt daher Ihrem Rechtsanwalt oder Steuerberater \u00fcberlassen. Auch erbringt THE PROFESSIONAL PROTECTOR keine, den spezialgesetzlich bewilligten Personen vorbehaltenen, T\u00e4tigkeiten. <\/p>\n<p>Diese Publikation dient ausschliesslich Ihrer Information und stellt weder ein Angebot noch eine Aufforderung zur Offertstellung, zum Kauf oder Verkauf von Anlage- oder anderen spezifischen L\u00f6sungen an jegliche Personen in jeglichen Jurisdiktionen dar. <\/p>\n<p>Somit werden durch diese Webseite auch keine Dienste der Informationsgesellschaft im Sinne des Gesetzes \u00fcber den elektronischen Gesch\u00e4ftsverkehr (E-Commerce Gesetz) angeboten oder erbracht. <\/p>\n<p>Obwohl alle in diesem Dokument enthaltenen Informationen und Meinungen aus zuverl\u00e4ssigen und glaubw\u00fcrdigen Quellen stammen, lehnen wir trotzdem jede vertragliche oder stillschweigende Haftung f\u00fcr falsche oder unvollst\u00e4ndige Informationen ab. Alle Informationen und Meinungen sowie angegebenen Preise k\u00f6nnen sich jederzeit ohne Vorank\u00fcndigung \u00e4ndern. <\/p>\n<p>THE PROFESSIONAL PROTECTOR ist alleiniger Inhaber der Urheberrechte an dieser Webseite. Jegliche \u00dcbernahme und Verwendung darin enthaltener Informationen und Bildmaterialien, deren Weitergabe und Verbreitung an Dritte, deren Vervielf\u00e4ltigung, die Aufnahme der Website als Link in anderen Websites und dergleichen bed\u00fcrfen der ausdr\u00fccklichen und schriftlichen Zustimmung der THE PROFESSIONAL PROTECTOR. Der Zugang zu den Informationen dieser Website kann durch auf den Benutzer anwendbare Gesetze und Bestimmungen eingeschr\u00e4nkt sein. Personen, auf die solche Restriktionen zutreffen, d\u00fcrfen nicht auf die Website der THE PROFESSIONAL PROTECTOR zugreifen. <\/p>\n<p><strong>Alle Rechte vorbehalten.<\/strong><\/p>\t\t\t\t\t\t\t\t<\/div>\n\t\t\t\t<\/div>\n\t\t\t\t\t<\/div>\n\t\t<\/div>\n\t\t\t\t\t<\/div>\n\t\t<\/section>\n\t\t\t\t<section class=\"elementor-section elementor-inner-section elementor-element elementor-element-a9207b8 no-flex-wrap elementor-section-boxed elementor-section-height-default elementor-section-height-default\" data-id=\"a9207b8\" data-element_type=\"section\" data-e-type=\"section\" data-settings=\"{&quot;background_background&quot;:&quot;classic&quot;}\">\n\t\t\t\t\t\t<div class=\"elementor-container elementor-column-gap-default\">\n\t\t\t\t\t<div class=\"elementor-column elementor-col-50 elementor-inner-column elementor-element elementor-element-7a5609b\" data-id=\"7a5609b\" data-element_type=\"column\" data-e-type=\"column\">\n\t\t\t<div class=\"elementor-widget-wrap elementor-element-populated\">\n\t\t\t\t\t\t<div class=\"elementor-element elementor-element-111fe18 elementor-widget elementor-widget-heading\" data-id=\"111fe18\" data-element_type=\"widget\" data-e-type=\"widget\" data-widget_type=\"heading.default\">\n\t\t\t\t<div class=\"elementor-widget-container\">\n\t\t\t\t\t<h2 class=\"elementor-heading-title elementor-size-default\">Konzept und Design<\/h2>\t\t\t\t<\/div>\n\t\t\t\t<\/div>\n\t\t\t\t<div class=\"elementor-element elementor-element-1be018e no-margin-bottom elementor-widget elementor-widget-text-editor\" data-id=\"1be018e\" data-element_type=\"widget\" data-e-type=\"widget\" data-widget_type=\"text-editor.default\">\n\t\t\t\t<div class=\"elementor-widget-container\">\n\t\t\t\t\t\t\t\t\t<p>GISCHT&amp;GLUT Kommunikation<br \/><a href=\"http:\/\/www.gischtundglut.de\/\" target=\"_blank\" rel=\"nofollow noopener\">http:\/\/www.gischtundglut.de\/<\/a><\/p>\t\t\t\t\t\t\t\t<\/div>\n\t\t\t\t<\/div>\n\t\t\t\t\t<\/div>\n\t\t<\/div>\n\t\t\t\t<div class=\"elementor-column elementor-col-50 elementor-inner-column elementor-element elementor-element-aafc874 animated-column animated-slow elementor-invisible\" data-id=\"aafc874\" data-element_type=\"column\" data-e-type=\"column\" data-settings=\"{&quot;background_background&quot;:&quot;classic&quot;,&quot;animation&quot;:&quot;slideInDown&quot;}\">\n\t\t\t<div class=\"elementor-widget-wrap\">\n\t\t\t\t\t\t\t<\/div>\n\t\t<\/div>\n\t\t\t\t\t<\/div>\n\t\t<\/section>\n\t\t\t\t<section class=\"elementor-section elementor-inner-section elementor-element elementor-element-edafcfc no-flex-wrap elementor-section-boxed elementor-section-height-default elementor-section-height-default\" data-id=\"edafcfc\" data-element_type=\"section\" data-e-type=\"section\" data-settings=\"{&quot;background_background&quot;:&quot;classic&quot;}\">\n\t\t\t\t\t\t<div class=\"elementor-container elementor-column-gap-default\">\n\t\t\t\t\t<div class=\"elementor-column elementor-col-50 elementor-inner-column elementor-element elementor-element-91bd8c2 animated-column animated-slow elementor-invisible\" data-id=\"91bd8c2\" data-element_type=\"column\" data-e-type=\"column\" data-settings=\"{&quot;background_background&quot;:&quot;classic&quot;,&quot;animation&quot;:&quot;slideInDown&quot;}\">\n\t\t\t<div class=\"elementor-widget-wrap\">\n\t\t\t\t\t\t\t<\/div>\n\t\t<\/div>\n\t\t\t\t<div class=\"elementor-column elementor-col-50 elementor-inner-column elementor-element elementor-element-8146ef2\" data-id=\"8146ef2\" data-element_type=\"column\" data-e-type=\"column\">\n\t\t\t<div class=\"elementor-widget-wrap elementor-element-populated\">\n\t\t\t\t\t\t<div class=\"elementor-element elementor-element-ee6285f elementor-widget elementor-widget-heading\" data-id=\"ee6285f\" data-element_type=\"widget\" data-e-type=\"widget\" data-widget_type=\"heading.default\">\n\t\t\t\t<div class=\"elementor-widget-container\">\n\t\t\t\t\t<h2 class=\"elementor-heading-title elementor-size-default\">Bildernachweis<\/h2>\t\t\t\t<\/div>\n\t\t\t\t<\/div>\n\t\t\t\t<div class=\"elementor-element elementor-element-fc64a32 no-margin-bottom elementor-widget elementor-widget-text-editor\" data-id=\"fc64a32\" data-element_type=\"widget\" data-e-type=\"widget\" data-widget_type=\"text-editor.default\">\n\t\t\t\t<div class=\"elementor-widget-container\">\n\t\t\t\t\t\t\t\t\t<p>Die Bilder, Fotos und Grafiken auf dieser Webseite sind urheberrechtlich gesch\u00fctzt. Die Bilderrechte liegen bei den folgenden Fotografen und Unternehmen: \u200b<\/p><p>Titelbild: Photo by Jean-Philippe-Delberghe on Unsplash<br \/>Br\u00fccke: Photo by Marc-Kleen on Unsplash<br \/>Schiff: Photo by Andrea-Zignin on Unsplash<br \/>Treppe: Photo by Chuttersnap on Unsplash<br \/>Bibliothek: Photo by Giammarco on Unsplash<br \/>Wand: Photo by Dr. Alexander T. Mohrenschildt<br \/>Dr. Alexander T. Mohrenschildt: Photo by Merlicek &amp; Partner Werbegesellschaft m.b.H<br \/><br \/>B\u00fcro: Photo by Mindspace-Studio on Unsplash<br \/>Feder: Photo by Aaron-Burden on Unsplash<br \/>Kommode: Photo by Julian-Hochgesang on Unsplash<br \/>H\u00e4ndedruck: Photo by SFIO CRACHO on AdobeStock<br \/>Geb\u00e4ude: Photo by Dr. Alexander T. Mohrenschildt<\/p>\t\t\t\t\t\t\t\t<\/div>\n\t\t\t\t<\/div>\n\t\t\t\t\t<\/div>\n\t\t<\/div>\n\t\t\t\t\t<\/div>\n\t\t<\/section>\n\t\t\t\t\t<\/div>\n\t\t<\/div>\n\t\t\t\t\t<\/div>\n\t\t<\/section>\n\t\t\t\t<\/div>\n\t\t","protected":false},"excerpt":{"rendered":"<p>Impressum The Professional Protector FZCO IFZA Business Park Building A2, Dubai Silicon Oasis Dubai, UAE F\u00fcr den Inhalt verantwortlichDr. Alexander T. Mohrenschildt, LL.M.office@professionalprotector.comT: +971 58 548 93 66 Gerichtsstand: Dubai, Vereinigte Arabische Emirate Haftung fuer Inhalte Die Inhalte dieser Seiten werden mit gr\u00f6sster Sorgfalt erstellt. F\u00fcr Richtigkeit, Vollst\u00e4ndigkeit und Aktualit\u00e4t dieser Inhalte kann jedoch keine [&hellip;]<\/p>\n","protected":false},"author":1,"featured_media":0,"parent":0,"menu_order":0,"comment_status":"closed","ping_status":"closed","template":"","meta":{"footnotes":""},"class_list":["post-139","page","type-page","status-publish","hentry"],"_links":{"self":[{"href":"https:\/\/professionalprotector.com\/de\/wp-json\/wp\/v2\/pages\/139","targetHints":{"allow":["GET"]}}],"collection":[{"href":"https:\/\/professionalprotector.com\/de\/wp-json\/wp\/v2\/pages"}],"about":[{"href":"https:\/\/professionalprotector.com\/de\/wp-json\/wp\/v2\/types\/page"}],"author":[{"embeddable":true,"href":"https:\/\/professionalprotector.com\/de\/wp-json\/wp\/v2\/users\/1"}],"replies":[{"embeddable":true,"href":"https:\/\/professionalprotector.com\/de\/wp-json\/wp\/v2\/comments?post=139"}],"version-history":[{"count":94,"href":"https:\/\/professionalprotector.com\/de\/wp-json\/wp\/v2\/pages\/139\/revisions"}],"predecessor-version":[{"id":1279,"href":"https:\/\/professionalprotector.com\/de\/wp-json\/wp\/v2\/pages\/139\/revisions\/1279"}],"wp:attachment":[{"href":"https:\/\/professionalprotector.com\/de\/wp-json\/wp\/v2\/media?parent=139"}],"curies":[{"name":"wp","href":"https:\/\/api.w.org\/{rel}","templated":true}]}}